{"id":778,"date":"2024-11-23T13:55:29","date_gmt":"2024-11-23T13:55:29","guid":{"rendered":"https:\/\/rosenberg-garten.de\/blog\/"},"modified":"2026-02-11T09:19:10","modified_gmt":"2026-02-11T09:19:10","slug":"gartenblog","status":"publish","type":"page","link":"https:\/\/www.rosenberg-garten.de\/en\/gartenblog\/","title":{"rendered":"Blog"},"content":{"rendered":"\t\t<div data-elementor-type=\"wp-page\" data-elementor-id=\"778\" class=\"elementor elementor-778\">\n\t\t\t\t<div class=\"elementor-element elementor-element-3ee5da6 e-flex e-con-boxed wpr-particle-no wpr-jarallax-no wpr-parallax-no wpr-sticky-section-no e-con e-parent\" data-id=\"3ee5da6\" data-element_type=\"container\" data-e-type=\"container\">\n\t\t\t\t\t<div class=\"e-con-inner\">\n\t\t\t\t<div class=\"elementor-element elementor-element-dd9be3e exad-sticky-section-no exad-glass-effect-no elementor-invisible elementor-widget elementor-widget-post_layouts\" data-id=\"dd9be3e\" data-element_type=\"widget\" data-e-type=\"widget\" data-settings=\"{&quot;_animation&quot;:&quot;zoomIn&quot;}\" data-widget_type=\"post_layouts.default\">\n\t\t\t\t<div class=\"elementor-widget-container\">\n\t\t\t\t\t<div class=\"row masonaryactive \"><div class=\"blog-grid-layout col-md-6 col-lg-4\"><div class=\"theimran-post-layout-one\"><div class=\"theimran-post-layout-one__thumbnail\">\t\t\t<a href=\"https:\/\/www.rosenberg-garten.de\/en\/baumschnitt\/\"><img loading=\"lazy\" decoding=\"async\" width=\"1843\" height=\"2048\" src=\"https:\/\/www.rosenberg-garten.de\/wp-content\/uploads\/2026\/02\/rmkem-1843x2048.jpg\" class=\"attachment-2048x2048 size-2048x2048 wp-post-image\" alt=\"\" srcset=\"https:\/\/www.rosenberg-garten.de\/wp-content\/uploads\/2026\/02\/rmkem-1843x2048.jpg 1843w, https:\/\/www.rosenberg-garten.de\/wp-content\/uploads\/2026\/02\/rmkem-270x300.jpg 270w, https:\/\/www.rosenberg-garten.de\/wp-content\/uploads\/2026\/02\/rmkem-922x1024.jpg 922w, https:\/\/www.rosenberg-garten.de\/wp-content\/uploads\/2026\/02\/rmkem-768x853.jpg 768w, https:\/\/www.rosenberg-garten.de\/wp-content\/uploads\/2026\/02\/rmkem-1382x1536.jpg 1382w, https:\/\/www.rosenberg-garten.de\/wp-content\/uploads\/2026\/02\/rmkem-11x12.jpg 11w, https:\/\/www.rosenberg-garten.de\/wp-content\/uploads\/2026\/02\/rmkem-600x667.jpg 600w, https:\/\/www.rosenberg-garten.de\/wp-content\/uploads\/2026\/02\/rmkem-584x649.jpg 584w\" sizes=\"auto, (max-width: 1843px) 100vw, 1843px\" title=\"\"><\/a>\r\n\t\t\t<\/div><div class=\"theimran-post-layout-one__content-wrapper\">\t\t\t<div class=\"theimran-post-layout-one__title\">\r\n\t\t\t\t<h3><a href=\"https:\/\/www.rosenberg-garten.de\/en\/baumschnitt\/\">Schnittkalender f\u00fcr B\u00e4ume, Str\u00e4ucher und Hecken<\/a><\/h3>\r\n\t\t\t<\/div>\r\n\t\t\t\t<div class=\"theimran-post-layout-one__blog-meta\">\r\n\t\t\t<ul>\r\n\t\t\t\t\t\t\t<\/ul>\r\n\t\t<\/div>\r\n\t\t\t\t\t<div class=\"theimran-post-layout-one__excerpt\">\r\n\t\t\t\t<p>\r\n\t\t\t\t\tSchnittkalender f\u00fcr B\u00e4ume, Str\u00e4ucher und Hecken \u00a0Winterschnitt (Januar \u2013 M\u00e4rz)\ud83c\udf33Viele Laubgeh\u00f6lze, insbesondere Obstb\u00e4ume (Kernobst),\t\t\t\t<\/p>\r\n\t\t\t<\/div>\r\n\t\t\t\t<div class=\"theimran-post-layout-one__read-more\">\r\n\t\t\t<a href=\"https:\/\/www.rosenberg-garten.de\/en\/baumschnitt\/\">Weiterlesen<\/a>\r\n\t\t<\/div>\r\n\t\t<\/div><\/div><\/div><\/div>\t\t\t\t<\/div>\n\t\t\t\t<\/div>\n\t\t\t\t\t<\/div>\n\t\t\t\t<\/div>\n\t\t<div class=\"elementor-element elementor-element-5e10e19 e-flex e-con-boxed wpr-particle-no wpr-jarallax-no wpr-parallax-no wpr-sticky-section-no e-con e-parent\" data-id=\"5e10e19\" data-element_type=\"container\" data-e-type=\"container\">\n\t\t\t\t\t<div class=\"e-con-inner\">\n\t\t<div class=\"elementor-element elementor-element-cacdb1b e-con-full e-flex wpr-particle-no wpr-jarallax-no wpr-parallax-no wpr-sticky-section-no e-con e-child\" data-id=\"cacdb1b\" data-element_type=\"container\" data-e-type=\"container\">\n\t\t<div class=\"elementor-element elementor-element-b61b2e0 e-con-full e-flex wpr-particle-no wpr-jarallax-no wpr-parallax-no wpr-sticky-section-no e-con e-child\" data-id=\"b61b2e0\" data-element_type=\"container\" data-e-type=\"container\">\n\t\t<div class=\"elementor-element elementor-element-c8eafb3 e-con-full e-flex wpr-particle-no wpr-jarallax-no wpr-parallax-no wpr-sticky-section-no elementor-invisible e-con e-child\" data-id=\"c8eafb3\" data-element_type=\"container\" data-e-type=\"container\" data-settings=\"{&quot;animation&quot;:&quot;zoomIn&quot;}\">\n\t\t\t\t<div class=\"elementor-element elementor-element-13e2df9 exad-sticky-section-no exad-glass-effect-no elementor-invisible elementor-widget elementor-widget-heading\" data-id=\"13e2df9\" data-element_type=\"widget\" data-e-type=\"widget\" data-settings=\"{&quot;_animation&quot;:&quot;fadeInLeft&quot;,&quot;_animation_mobile&quot;:&quot;fadeInLeft&quot;}\" data-widget_type=\"heading.default\">\n\t\t\t\t\t<h2 class=\"elementor-heading-title elementor-size-default\">Haben Sie Fragen? Wir sind nur eine Nachricht entfernt und antworten Ihnen im Handumdrehen!<\/h2>\t\t\t\t<\/div>\n\t\t\t\t<div class=\"elementor-element elementor-element-e4a68dc exad-sticky-section-no exad-glass-effect-no elementor-invisible elementor-widget elementor-widget-wpforms\" data-id=\"e4a68dc\" data-element_type=\"widget\" data-e-type=\"widget\" data-settings=\"{&quot;_animation&quot;:&quot;fadeInUp&quot;}\" data-widget_type=\"wpforms.default\">\n\t\t\t\t<div class=\"elementor-widget-container\">\n\t\t\t\t\t\r\n<style type=\"text\/css\">\r\n\r\n\r\n\r\nbody #wpforms-754 {\r\n\t\t\r\n\t\t\t}\r\n\r\n\t\r\n\r\n\tbody #wpforms-754 .wpforms-head-container .wpforms-title {\r\n\t\t}\r\n\r\n\tbody #wpforms-754 .wpforms-head-container .wpforms-description {\r\n\t\t\t\tdisplay:block;\r\n\t}\r\n\r\n\r\n\tbody #wpforms-754 .wpforms-submit-container .wpforms-submit, body #wpforms-754 .wpforms-field-pagebreak button.wpforms-page-button {\r\n\t\tfont-size:35px;\t\tborder-width: 0px;\t}\r\n\r\n\tbody #wpforms-754 .wpforms-submit-container .wpforms-submit:hover, body #wpforms-754 .wpforms-field-pagebreak button.wpforms-page-button:hover {\r\n\t\t\t}\r\n\r\n\tbody #wpforms-754 .wpforms-submit-container,\r\n\tbody #wpforms-754 .wpforms-field-pagebreak .wpforms-pagebreak-left{\r\n\t\t}\r\n\r\n\r\n\tbody #wpforms-754 .wpforms-form .wpforms-field input[type=text],\r\n\tbody #wpforms-754 .wpforms-form .wpforms-field input[type=email],\r\n\tbody #wpforms-754 .wpforms-form .wpforms-field input[type=tel],\r\n\tbody #wpforms-754 .wpforms-form .wpforms-field input[type=url],\r\n\tbody #wpforms-754 .wpforms-form .wpforms-field input[type=password],\r\n\tbody #wpforms-754 .wpforms-form .wpforms-field input[type=number]\r\n\t{\r\n\t\tbackground-color:#e8e8e8 ;font-size:30px;border-color:#9b9b9b ;\t\tborder-width: 1px;\t}\r\n\r\n\tbody #wpforms-754 .wpforms-form .wpforms-field .wpforms-field-row\r\n\t{\r\n\t\t\t}\r\n\r\n\tbody #wpforms-754 .wpforms-form .wpforms-field-layout.wpforms-field input[type=text],\r\n\tbody #wpforms-754 .wpforms-form .wpforms-field-layout.wpforms-field input[type=email],\r\n\tbody #wpforms-754 .wpforms-form .wpforms-field-layout.wpforms-field input[type=tel],\r\n\tbody #wpforms-754 .wpforms-form .wpforms-field-layout.wpforms-field input[type=url],\r\n\tbody #wpforms-754 .wpforms-form .wpforms-field-layout.wpforms-field input[type=password],\r\n\tbody #wpforms-754 .wpforms-form .wpforms-field-layout.wpforms-field input[type=number]{\r\n\t\twidth: 100%;\r\n\t}\r\n\r\n\tbody #wpforms-754 .wpforms-form .wpforms-field .wpforms-field-row input[type=text]{\r\n\t\twidth: 100%;\r\n\t}\r\n\r\n\r\n\r\n\r\n\r\n\tbody #wpforms-754 .wpforms-form .wpforms-field textarea {\r\n\t\tbackground-color:#f7f7f7 ;font-size:35px;border-color:#848484 ;\t\t\tborder-width: 1px;\t}\r\n\r\n \r\n\r\n\tbody #wpforms-754 .wpforms-form .wpforms-field select {\r\n\r\n\t\t\r\n\t\tborder-width: 1px;\t}\r\n\r\n\t\/* dropdown styles on modern background *\/\r\n\tbody #wpforms-754 .wpforms-form .wpforms-field-select-style-modern .choices__inner{\r\n\t\t\t\t\r\n\t}\r\n\r\n\t\/* background color on modern dropdown *\/\r\n\t\r\n \r\n\tbody #wpforms-754 .wpforms-form .wpforms-field-checkbox li label {\r\n\t\tcolor:#000000 ;font-size:30px;\t}\r\n \r\n\tbody #wpforms-754 .wpforms-form .wpforms-field .wpforms-field-description {\r\n\r\n\t\tcolor:#000000 ;font-size:35px;\t}\r\n\r\n \r\n\tbody #wpforms-754 .wpforms-form .wpforms-field label.wpforms-field-label,\r\n\tbody #wpforms-754 .wpforms-form .wpforms-field .wpforms-field-label {\r\n\t\tcolor:#000000 ;font-size:35px;\t}\r\n\r\n\r\n \r\n\tbody #wpforms-confirmation-754  {\r\n\r\n\tfont-size:25px;\t\t\tborder-width: 1px;\t}\r\n\r\n\tbody #wpforms-confirmation-754 p{\r\n\t\ttext-transform: uppercase;\r\n\t\ttext-decoration: underline;\r\n\t\tcolor: inherit;\r\n\t}\r\n\r\n\/* Styling for Tablets *\/\r\n@media only screen and (max-width: 800px) and (min-width:481px) {\r\n\t\r\n\r\n\r\n\t\tbody #wpforms-754 .wpforms-submit-container .wpforms-submit,body #wpforms-754 .wpforms-field-pagebreak button.wpforms-page-button {\r\n\t\tfont-size:35px ;\t\t}     \r\n\r\n\tbody #wpforms-754 .wpforms-form .wpforms-field input[type=text],\r\n\t\tbody #wpforms-754 .wpforms-form .wpforms-field input[type=email],\r\n\t\tbody #wpforms-754 .wpforms-form .wpforms-field input[type=tel],\r\n\t\tbody #wpforms-754 .wpforms-form .wpforms-field input[type=url],\r\n\t\tbody #wpforms-754 .wpforms-form .wpforms-field input[type=password],\r\n\t\tbody #wpforms-754 .wpforms-form .wpforms-field input[type=number]{\r\n\t\t\tfont-size:30px ;\t\t\t}\r\n\tbody #wpforms-754 .wpforms-form .wpforms-field .wpforms-field-row{\r\n\t\t\t\r\n\t}\t\r\n\r\n\tbody #wpforms-754 .wpforms-form .wpforms-field .wpforms-field-row input{\r\n\t\twidth: 100%;\r\n\t}\r\n\t\t\r\n\t\tbody #wpforms-754 .wpforms-form .wpforms-field-checkbox li label {\r\n\t\tfont-size:30px ;\t\t}       \r\n\t\tbody #wpforms-754 .wpforms-form .wpforms-field .wpforms-field-description {\r\n\t\tfont-size:25px ;\t\t}      \r\n\r\n\r\n\tbody #wpforms-confirmation-754 {\r\n\t\tfont-size:25px ;\t\t}       \r\n}\r\n\r\n@media only screen and (max-width: 480px){\r\n\t\r\n\r\n\r\n\tbody #wpforms-754 .wpforms-submit-container .wpforms-submit, body #wpforms-754 .wpforms-field-pagebreak button.wpforms-page-button {\r\n\t\tfont-size:35px ;\t\t}\r\n\r\n\tbody #wpforms-754 .wpforms-form .wpforms-field input[type=text],\r\n\t\tbody #wpforms-754 .wpforms-form .wpforms-field input[type=email],\r\n\t\tbody #wpforms-754 .wpforms-form .wpforms-field input[type=tel],\r\n\t\tbody #wpforms-754 .wpforms-form .wpforms-field input[type=url],\r\n\t\tbody #wpforms-754 .wpforms-form .wpforms-field input[type=password],\r\n\t\tbody #wpforms-754 .wpforms-form .wpforms-field input[type=number]{\r\n\t\t\tfont-size:29px ;\t\t\t\t\t} \r\n\r\n\t\tbody #wpforms-754 .wpforms-form .wpforms-field .wpforms-field-row{\r\n\t\t\t\t\t}\r\n\tbody #wpforms-754 .wpforms-form .wpforms-field-checkbox li label {\r\n\t\tfont-size:30px ;\t}       \r\n\t\tbody #wpforms-754 .wpforms-form .wpforms-field label.wpforms-field-label,\r\n\t\tbody #wpforms-754 .wpforms-form .wpforms-field .wpforms-field-label{\r\n\t\tfont-size:29px ;\t\t}       \r\n\t\tbody #wpforms-754 .wpforms-form .wpforms-field .wpforms-field-description {\r\n\t\tfont-size:25px ;\t\t}       \r\n\r\n\tbody #wpforms-confirmation-754 {\r\n\t\t\tfont-size:25px ;\t\t}       \r\n}\r\n\/*Option to add custom CSS *\/\r\n\r\n\r\n\r\n\t\t<\/style>\r\n\t\t<div class=\"wpforms-container \" id=\"wpforms-754\"><form id=\"wpforms-form-754\" class=\"wpforms-validate wpforms-form\" data-formid=\"754\" method=\"post\" enctype=\"multipart\/form-data\" action=\"\/en\/wp-json\/wp\/v2\/pages\/778\" data-token=\"588bb88876df85526fd5a7abb24b8828\" data-token-time=\"1775246208\"><noscript class=\"wpforms-error-noscript\">Please enable JavaScript in your browser to complete this form.<\/noscript><div class=\"wpforms-field-container\"><div id=\"wpforms-754-field_0-container\" class=\"wpforms-field wpforms-field-name\" data-field-id=\"0\"><label class=\"wpforms-field-label\" for=\"wpforms-754-field_0\">Name <span class=\"wpforms-required-label\">*<\/span><\/label><input type=\"text\" id=\"wpforms-754-field_0\" class=\"wpforms-field-large wpforms-field-required\" name=\"wpforms[fields][0]\" required><\/div><div id=\"wpforms-754-field_1-container\" class=\"wpforms-field wpforms-field-email\" data-field-id=\"1\"><label class=\"wpforms-field-label\" for=\"wpforms-754-field_1\">Email <span class=\"wpforms-required-label\">*<\/span><\/label><input type=\"email\" id=\"wpforms-754-field_1\" class=\"wpforms-field-large wpforms-field-required\" name=\"wpforms[fields][1]\" spellcheck=\"false\" required><\/div><div id=\"wpforms-754-field_5-container\" class=\"wpforms-field wpforms-field-number\" data-field-id=\"5\"><label class=\"wpforms-field-label\" for=\"wpforms-754-field_5\">Telefonnummer <span class=\"wpforms-required-label\">*<\/span><\/label><input type=\"number\" id=\"wpforms-754-field_5\" class=\"wpforms-field-medium wpforms-field-required\" name=\"wpforms[fields][5]\" step=\"any\" required><\/div><div id=\"wpforms-754-field_6-container\" class=\"wpforms-field wpforms-field-text\" data-field-id=\"6\"><label class=\"wpforms-field-label\" for=\"wpforms-754-field_6\">Gew\u00fcnschte Zeit f\u00fcr die Kontaktaufnahme<\/label><input type=\"text\" id=\"wpforms-754-field_6\" class=\"wpforms-field-medium\" name=\"wpforms[fields][6]\" ><\/div><div id=\"wpforms-754-field_2-container\" class=\"wpforms-field wpforms-field-textarea\" data-field-id=\"2\"><label class=\"wpforms-field-label\" for=\"wpforms-754-field_2\">Wie k\u00f6nnen wir Ihnen helfen? <span class=\"wpforms-required-label\">*<\/span><\/label><textarea id=\"wpforms-754-field_2\" class=\"wpforms-field-medium wpforms-field-required\" name=\"wpforms[fields][2]\" required><\/textarea><\/div><div id=\"wpforms-754-field_7-container\" class=\"wpforms-field wpforms-field-checkbox\" data-field-id=\"7\"><label class=\"wpforms-field-label\">DSGVO - Einverst\u00e4ndnis <span class=\"wpforms-required-label\">*<\/span><\/label><ul id=\"wpforms-754-field_7\" class=\"wpforms-field-required\"><li class=\"choice-1 depth-1\"><input type=\"checkbox\" id=\"wpforms-754-field_7_1\" name=\"wpforms[fields][7][]\" value=\"Ja, ich stimme zu.\" required ><label class=\"wpforms-field-label-inline\" for=\"wpforms-754-field_7_1\">Ja, ich stimme zu.<\/label><\/li><\/ul><div class=\"wpforms-field-description wpforms-disclaimer-description\">Ich willige ein, dass diese Website meine \u00fcbermittelten Informationen speichert, sodass meine Anfrage beantwortet werden kann. Mehr dazu finden Sie hier: https:\/\/www.rosenberg-garten.de\/datenschutzerklarung\/<br \/>\n<\/div><\/div><\/div><!-- .wpforms-field-container --><div class=\"wpforms-field wpforms-field-hp\"><label for=\"wpforms-754-field-hp\" class=\"wpforms-field-label\">Phone<\/label><input type=\"text\" name=\"wpforms[hp]\" id=\"wpforms-754-field-hp\" class=\"wpforms-field-medium\"><\/div><div class=\"wpforms-submit-container\" ><input type=\"hidden\" name=\"wpforms[id]\" value=\"754\"><input type=\"hidden\" name=\"page_title\" value=\"\"><input type=\"hidden\" name=\"page_url\" value=\"https:\/\/www.rosenberg-garten.de\/en\/wp-json\/wp\/v2\/pages\/778\"><input type=\"hidden\" name=\"url_referer\" value=\"\"><button type=\"submit\" name=\"wpforms[submit]\" id=\"wpforms-submit-754\" class=\"wpforms-submit\" data-alt-text=\"Sending...\" data-submit-text=\"Nachricht senden\" aria-live=\"assertive\" value=\"wpforms-submit\">Nachricht senden<\/button><\/div><\/form><\/div>  <!-- .wpforms-container -->\t\t\t\t<\/div>\n\t\t\t\t<\/div>\n\t\t\t\t<\/div>\n\t\t<div class=\"elementor-element elementor-element-7c4acc3 e-con-full e-flex wpr-particle-no wpr-jarallax-no wpr-parallax-no wpr-sticky-section-no elementor-invisible e-con e-child\" data-id=\"7c4acc3\" data-element_type=\"container\" data-e-type=\"container\" data-settings=\"{&quot;animation&quot;:&quot;zoomIn&quot;}\">\n\t\t\t\t<div class=\"elementor-element elementor-element-b09ca66 exad-sticky-section-no exad-glass-effect-no elementor-widget elementor-widget-html\" data-id=\"b09ca66\" data-element_type=\"widget\" data-e-type=\"widget\" data-widget_type=\"html.default\">\n\t\t\t\t\t<!-- Google Font Caudex einbinden -->\n<link href=\"https:\/\/fonts.googleapis.com\/css2?family=Caudex:wght@400;700&display=swap\" rel=\"stylesheet\">\n\n<div class=\"tnp tnp-subscription\" style=\"max-width: 600px; font-family: 'Caudex', serif; color: #000; margin: auto; padding: 20px;\">\n\n  <!-- Titel -->\n  <h2 style=\"font-size: 40px; font-weight: 700; text-align: center; margin-bottom: 40px; color: #000;\">\n     Newsletter abonnieren \u2013 Gestaltungsideen & Gutscheine\n  <\/h2>\n\n  <form method=\"post\" action=\"https:\/\/www.rosenberg-garten.de\/wp-admin\/admin-ajax.php?action=tnp&na=s\">\n    <input type=\"hidden\" name=\"nlang\" value=\"\">\n\n    <!-- Vorname -->\n    <div class=\"tnp-field tnp-field-firstname\" style=\"margin-bottom: 25px;\">\n      <label for=\"tnp-1\" style=\"font-size: 40px; font-weight: 700; color: #000;\">Vorname<\/label><br>\n      <input class=\"tnp-name\" type=\"text\" name=\"nn\" id=\"tnp-1\" value=\"\" placeholder=\"\" required \n             style=\"width: 100%; padding: 18px; font-size: 40px; border: 2px solid #ccc; border-radius: 10px; color: #000;\">\n    <\/div>\n\n    <!-- Nachname -->\n    <div class=\"tnp-field tnp-field-surname\" style=\"margin-bottom: 25px;\">\n      <label for=\"tnp-2\" style=\"font-size: 40px; font-weight: 700; color: #000;\">Nachname<\/label><br>\n      <input class=\"tnp-surname\" type=\"text\" name=\"ns\" id=\"tnp-2\" value=\"\" placeholder=\"\"\n             style=\"width: 100%; padding: 18px; font-size: 40px; border: 2px solid #ccc; border-radius: 10px; color: #000;\">\n    <\/div>\n\n    <!-- E-Mail -->\n    <div class=\"tnp-field tnp-field-email\" style=\"margin-bottom: 25px;\">\n      <label for=\"tnp-3\" style=\"font-size: 40px; font-weight: 700; color: #000;\">E-Mail-Adresse<\/label><br>\n      <input class=\"tnp-email\" type=\"email\" name=\"ne\" id=\"tnp-3\" value=\"\" placeholder=\"\" required \n             style=\"width: 100%; padding: 18px; font-size: 40px; border: 2px solid #ccc; border-radius: 10px; color: #000;\">\n    <\/div>\n\n    <!-- Geschlecht -->\n    <div class=\"tnp-field tnp-field-gender\" style=\"margin-bottom: 25px;\">\n      <label for=\"tnp-gender\" style=\"font-size: 40px; font-weight: 700; color: #000;\">Ich bin<\/label><br>\n      <select name=\"nx\" class=\"tnp-gender\" id=\"tnp-gender\" \n              style=\"width: 100%; padding: 18px; font-size: 40px; border: 2px solid #ccc; border-radius: 10px; color: #000;\">\n        <option value=\"n\">Nicht spezifiziert<\/option>\n        <option value=\"f\">Frau<\/option>\n        <option value=\"m\">Herr<\/option>\n      <\/select>\n    <\/div>\n\n    <!-- Datenschutz -->\n    <div class=\"tnp-field tnp-privacy-field\" style=\"margin-bottom: 30px; font-size: 40px; line-height: 1.6; color: #000;\">\n      <label style=\"display: flex; align-items: flex-start; gap: 10px;\">\n        <input type=\"checkbox\" name=\"ny\" required class=\"tnp-privacy\" \n               style=\"margin-top: 14px; transform: scale(1.5); accent-color: #1b5e20;\">\n        <span>\n          Ich willige ein, dass diese Website meine \u00fcbermittelten Daten speichert, um meine Anfrage zu bearbeiten. \n          Weitere Informationen finden Sie in der \n          <a target=\"_blank\" href=\"https:\/\/www.rosenberg-garten.de\/datenschutzerklarung\/\" style=\"font-weight: 700; text-decoration: underline; color: #1b5e20;\">\n             Datenschutzerkl\u00e4rung\n          <\/a>.\n        <\/span>\n      <\/label>\n    <\/div>\n\n    <!-- Button -->\n    <div class=\"tnp-field tnp-field-button\" style=\"text-align: center;\">\n      <input class=\"tnp-submit\" type=\"submit\" value=\"Abonnieren\" \n             style=\"background-color: #1b5e20; color: #fff; padding: 18px 40px; font-size: 40px; font-weight: 700; border: none; border-radius: 10px; cursor: pointer; transition: 0.3s;\">\n    <\/div>\n  <\/form>\n<\/div>\n\n<!-- Responsives Design + Button Hover Effekt -->\n<style>\n  .tnp-submit:hover {\n    background-color: #104916;\n    transform: scale(1.05);\n  }\n\n  \/* Handy-Ansicht anpassen *\/\n  @media (max-width: 600px) {\n    .tnp h2 {\n      font-size: 28px !important;\n    }\n    .tnp label,\n    .tnp input,\n    .tnp select,\n    .tnp .tnp-privacy-field,\n    .tnp .tnp-submit {\n      font-size: 28px !important;\n    }\n    .tnp input,\n    .tnp select {\n      padding: 12px !important;\n    }\n  }\n<\/style>\n\t\t\t\t<\/div>\n\t\t\t\t<\/div>\n\t\t\t\t<\/div>\n\t\t\t\t<\/div>\n\t\t\t\t\t<\/div>\n\t\t\t\t<\/div>\n\t\t\t\t<\/div>\n\t\t","protected":false},"excerpt":{"rendered":"<p>Schnittkalender f\u00fcr B\u00e4ume, Str\u00e4ucher und Hecken Schnittkalender f\u00fcr B\u00e4ume, Str\u00e4ucher und Hecken \u00a0 Winterschnitt (Januar \u2013 M\u00e4rz) \ud83c\udf33Viele Laubgeh\u00f6lze, insbesondere Obstb\u00e4ume (Kernobst), Weiterlesen Will Boosting SNAP Be Good For Our Farming? Weiterlesen Haben Sie Fragen? Wir sind nur eine Nachricht entfernt und antworten Ihnen im Handumdrehen! Bitte aktivieren Sie JavaScript in Ihrem Browser, um dieses<\/p>","protected":false},"author":1,"featured_media":0,"parent":0,"menu_order":0,"comment_status":"closed","ping_status":"closed","template":"elementor_header_footer","meta":{"postBodyCss":"","postBodyMargin":[],"postBodyPadding":[],"postBodyBackground":{"backgroundType":"classic","gradient":""},"site-sidebar-layout":"no-sidebar","site-content-layout":"page-builder","ast-site-content-layout":"full-width-container","site-content-style":"default","site-sidebar-style":"default","ast-global-header-display":"","ast-banner-title-visibility":"","ast-main-header-display":"","ast-hfb-above-header-display":"","ast-hfb-below-header-display":"","ast-hfb-mobile-header-display":"","site-post-title":"disabled","ast-breadcrumbs-content":"","ast-featured-img":"disabled","footer-sml-layout":"","ast-disable-related-posts":"","theme-transparent-header-meta":"","adv-header-id-meta":"","stick-header-meta":"","header-above-stick-meta":"","header-main-stick-meta":"","header-below-stick-meta":"","astra-migrate-meta-layouts":"set","ast-page-background-enabled":"default","ast-page-background-meta":{"desktop":{"background-color":"","background-image":"","background-repeat":"repeat","background-position":"center center","background-size":"auto","background-attachment":"scroll","background-type":"","background-media":"","overlay-type":"","overlay-color":"","overlay-opacity":"","overlay-gradient":""},"tablet":{"background-color":"","background-image":"","background-repeat":"repeat","background-position":"center center","background-size":"auto","background-attachment":"scroll","background-type":"","background-media":"","overlay-type":"","overlay-color":"","overlay-opacity":"","overlay-gradient":""},"mobile":{"background-color":"","background-image":"","background-repeat":"repeat","background-position":"center center","background-size":"auto","background-attachment":"scroll","background-type":"","background-media":"","overlay-type":"","overlay-color":"","overlay-opacity":"","overlay-gradient":""}},"ast-content-background-meta":{"desktop":{"background-color":"var(--ast-global-color-5)","background-image":"","background-repeat":"repeat","background-position":"center center","background-size":"auto","background-attachment":"scroll","background-type":"","background-media":"","overlay-type":"","overlay-color":"","overlay-opacity":"","overlay-gradient":""},"tablet":{"background-color":"var(--ast-global-color-5)","background-image":"","background-repeat":"repeat","background-position":"center center","background-size":"auto","background-attachment":"scroll","background-type":"","background-media":"","overlay-type":"","overlay-color":"","overlay-opacity":"","overlay-gradient":""},"mobile":{"background-color":"var(--ast-global-color-5)","background-image":"","background-repeat":"repeat","background-position":"center center","background-size":"auto","background-attachment":"scroll","background-type":"","background-media":"","overlay-type":"","overlay-color":"","overlay-opacity":"","overlay-gradient":""}},"footnotes":""},"class_list":["post-778","page","type-page","status-publish","hentry"],"_links":{"self":[{"href":"https:\/\/www.rosenberg-garten.de\/en\/wp-json\/wp\/v2\/pages\/778","targetHints":{"allow":["GET"]}}],"collection":[{"href":"https:\/\/www.rosenberg-garten.de\/en\/wp-json\/wp\/v2\/pages"}],"about":[{"href":"https:\/\/www.rosenberg-garten.de\/en\/wp-json\/wp\/v2\/types\/page"}],"author":[{"embeddable":true,"href":"https:\/\/www.rosenberg-garten.de\/en\/wp-json\/wp\/v2\/users\/1"}],"replies":[{"embeddable":true,"href":"https:\/\/www.rosenberg-garten.de\/en\/wp-json\/wp\/v2\/comments?post=778"}],"version-history":[{"count":95,"href":"https:\/\/www.rosenberg-garten.de\/en\/wp-json\/wp\/v2\/pages\/778\/revisions"}],"predecessor-version":[{"id":17520,"href":"https:\/\/www.rosenberg-garten.de\/en\/wp-json\/wp\/v2\/pages\/778\/revisions\/17520"}],"wp:attachment":[{"href":"https:\/\/www.rosenberg-garten.de\/en\/wp-json\/wp\/v2\/media?parent=778"}],"curies":[{"name":"wp","href":"https:\/\/api.w.org\/{rel}","templated":true}]}}